{"id":4291,"date":"2022-03-28T22:28:27","date_gmt":"2022-03-28T22:28:27","guid":{"rendered":"https:\/\/staging.balado-web.bulldozerinc.com\/pedagogical-content\/online-training\/"},"modified":"2022-12-20T15:16:19","modified_gmt":"2022-12-20T19:16:19","slug":"online-training","status":"publish","type":"page","link":"https:\/\/baladoweb.qc.ca\/en\/pedagogical-content\/online-training\/","title":{"rendered":"Online Training"},"content":{"rendered":"\t\t<div data-elementor-type=\"wp-page\" data-elementor-id=\"4291\" class=\"elementor elementor-4291 elementor-3127\" data-elementor-post-type=\"page\">\n\t\t\t\t\t\t<section class=\"ob-is-breaking-bad elementor-section elementor-top-section elementor-element elementor-element-070cae3 elementor-section-boxed elementor-section-height-default elementor-section-height-default\" data-id=\"070cae3\" data-element_type=\"section\" data-e-type=\"section\" data-settings=\"{&quot;background_background&quot;:&quot;classic&quot;,&quot;_ob_bbad_use_it&quot;:&quot;yes&quot;,&quot;_ob_bbad_sssic_use&quot;:&quot;no&quot;,&quot;_ob_glider_is_slider&quot;:&quot;no&quot;}\">\n\t\t\t\t\t\t<div class=\"elementor-container elementor-column-gap-default\">\n\t\t\t\t\t<div class=\"elementor-column elementor-col-100 elementor-top-column elementor-element elementor-element-b62e80c\" data-id=\"b62e80c\" data-element_type=\"column\" data-e-type=\"column\" data-settings=\"{&quot;_ob_bbad_is_stalker&quot;:&quot;no&quot;,&quot;_ob_teleporter_use&quot;:false,&quot;_ob_column_hoveranimator&quot;:&quot;no&quot;,&quot;_ob_column_has_pseudo&quot;:&quot;no&quot;}\">\n\t\t\t<div class=\"elementor-widget-wrap elementor-element-populated\">\n\t\t\t\t\t\t<div class=\"elementor-element elementor-element-d838714 ob-harakiri-inherit ob-has-background-overlay elementor-widget elementor-widget-heading\" data-id=\"d838714\" data-element_type=\"widget\" data-e-type=\"widget\" data-settings=\"{&quot;_ob_use_harakiri&quot;:&quot;yes&quot;,&quot;_ob_harakiri_writing_mode&quot;:&quot;inherit&quot;,&quot;_ob_harakiri_text_clip&quot;:&quot;none&quot;,&quot;_ob_perspektive_use&quot;:&quot;no&quot;,&quot;_ob_poopart_use&quot;:&quot;yes&quot;,&quot;_ob_shadough_use&quot;:&quot;no&quot;,&quot;_ob_allow_hoveranimator&quot;:&quot;no&quot;,&quot;_ob_widget_stalker_use&quot;:&quot;no&quot;}\" data-widget_type=\"heading.default\">\n\t\t\t\t<div class=\"elementor-widget-container\">\n\t\t\t\t\t<h2 class=\"elementor-heading-title elementor-size-default\">Online Training<\/h2>\t\t\t\t<\/div>\n\t\t\t\t<\/div>\n\t\t\t\t<div class=\"elementor-element elementor-element-3156024 ob-harakiri-inherit ob-has-background-overlay elementor-widget elementor-widget-text-editor\" data-id=\"3156024\" data-element_type=\"widget\" data-e-type=\"widget\" data-settings=\"{&quot;_ob_use_harakiri&quot;:&quot;yes&quot;,&quot;_ob_harakiri_writing_mode&quot;:&quot;inherit&quot;,&quot;_ob_postman_use&quot;:&quot;no&quot;,&quot;_ob_perspektive_use&quot;:&quot;no&quot;,&quot;_ob_poopart_use&quot;:&quot;yes&quot;,&quot;_ob_shadough_use&quot;:&quot;no&quot;,&quot;_ob_allow_hoveranimator&quot;:&quot;no&quot;,&quot;_ob_widget_stalker_use&quot;:&quot;no&quot;}\" data-widget_type=\"text-editor.default\">\n\t\t\t\t<div class=\"elementor-widget-container\">\n\t\t\t\t\t\t\t\t\t<p>The R\u00c9CIT (R\u00c9seau pour le d\u00e9veloppement des Comp\u00e9tences des \u00e9l\u00e8ves par l\u2019Int\u00e9gration des Technologies) offers an online platform for professional development of educators&#8217; digital competencies. <\/p>\t\t\t\t\t\t\t\t<\/div>\n\t\t\t\t<\/div>\n\t\t\t\t\t<\/div>\n\t\t<\/div>\n\t\t\t\t\t<\/div>\n\t\t<\/section>\n\t\t\t\t<section class=\"ob-is-breaking-bad elementor-section elementor-top-section elementor-element elementor-element-f770227 elementor-section-boxed elementor-section-height-default elementor-section-height-default\" data-id=\"f770227\" data-element_type=\"section\" data-e-type=\"section\" data-settings=\"{&quot;background_background&quot;:&quot;classic&quot;,&quot;_ob_bbad_use_it&quot;:&quot;yes&quot;,&quot;_ob_bbad_sssic_use&quot;:&quot;no&quot;,&quot;_ob_glider_is_slider&quot;:&quot;no&quot;}\">\n\t\t\t\t\t\t<div class=\"elementor-container elementor-column-gap-default\">\n\t\t\t\t\t<div class=\"elementor-column elementor-col-50 elementor-top-column elementor-element elementor-element-0207b0e\" data-id=\"0207b0e\" data-element_type=\"column\" data-e-type=\"column\" data-settings=\"{&quot;_ob_bbad_is_stalker&quot;:&quot;no&quot;,&quot;_ob_teleporter_use&quot;:false,&quot;_ob_column_hoveranimator&quot;:&quot;no&quot;,&quot;_ob_column_has_pseudo&quot;:&quot;no&quot;}\">\n\t\t\t<div class=\"elementor-widget-wrap elementor-element-populated\">\n\t\t\t\t\t\t<div class=\"elementor-element elementor-element-fbf8b71 ob-has-background-overlay elementor-widget elementor-widget-image\" data-id=\"fbf8b71\" data-element_type=\"widget\" data-e-type=\"widget\" data-settings=\"{&quot;_ob_photomorph_use&quot;:&quot;no&quot;,&quot;_ob_perspektive_use&quot;:&quot;no&quot;,&quot;_ob_poopart_use&quot;:&quot;yes&quot;,&quot;_ob_shadough_use&quot;:&quot;no&quot;,&quot;_ob_allow_hoveranimator&quot;:&quot;no&quot;,&quot;_ob_widget_stalker_use&quot;:&quot;no&quot;}\" data-widget_type=\"image.default\">\n\t\t\t\t<div class=\"elementor-widget-container\">\n\t\t\t\t\t\t\t\t\t\t\t\t\t\t\t<img fetchpriority=\"high\" decoding=\"async\" width=\"526\" height=\"304\" src=\"https:\/\/baladoweb.qc.ca\/wp-content\/uploads\/2022\/03\/laptop-mockup.png\" class=\"attachment-large size-large wp-image-3628\" alt=\"\" srcset=\"https:\/\/baladoweb.qc.ca\/wp-content\/uploads\/2022\/03\/laptop-mockup.png 1000w, https:\/\/baladoweb.qc.ca\/wp-content\/uploads\/2022\/03\/laptop-mockup-300x173.png 300w, https:\/\/baladoweb.qc.ca\/wp-content\/uploads\/2022\/03\/laptop-mockup-768x443.png 768w\" sizes=\"(max-width: 526px) 100vw, 526px\" \/>\t\t\t\t\t\t\t\t\t\t\t\t\t\t\t<\/div>\n\t\t\t\t<\/div>\n\t\t\t\t\t<\/div>\n\t\t<\/div>\n\t\t\t\t<div class=\"elementor-column elementor-col-50 elementor-top-column elementor-element elementor-element-71b830e\" data-id=\"71b830e\" data-element_type=\"column\" data-e-type=\"column\" data-settings=\"{&quot;_ob_bbad_is_stalker&quot;:&quot;no&quot;,&quot;_ob_teleporter_use&quot;:false,&quot;_ob_column_hoveranimator&quot;:&quot;no&quot;,&quot;_ob_column_has_pseudo&quot;:&quot;no&quot;}\">\n\t\t\t<div class=\"elementor-widget-wrap elementor-element-populated\">\n\t\t\t\t\t\t<div class=\"elementor-element elementor-element-69343e6 ob-harakiri-inherit ob-has-background-overlay elementor-widget elementor-widget-text-editor\" data-id=\"69343e6\" data-element_type=\"widget\" data-e-type=\"widget\" data-settings=\"{&quot;_ob_use_harakiri&quot;:&quot;yes&quot;,&quot;_ob_harakiri_writing_mode&quot;:&quot;inherit&quot;,&quot;_ob_postman_use&quot;:&quot;no&quot;,&quot;_ob_perspektive_use&quot;:&quot;no&quot;,&quot;_ob_poopart_use&quot;:&quot;yes&quot;,&quot;_ob_shadough_use&quot;:&quot;no&quot;,&quot;_ob_allow_hoveranimator&quot;:&quot;no&quot;,&quot;_ob_widget_stalker_use&quot;:&quot;no&quot;}\" data-widget_type=\"text-editor.default\">\n\t\t\t\t<div class=\"elementor-widget-container\">\n\t\t\t\t\t\t\t\t\t<p>It is a common space where R\u00c9CIT consultants share their expertise for different subjects areas and topics related to digital technology. This free platform is accessible for all members of the school community where everyone can learn at their own pace, alone, with colleagues or supported by a consultant.<\/p>\t\t\t\t\t\t\t\t<\/div>\n\t\t\t\t<\/div>\n\t\t\t\t<div class=\"elementor-element elementor-element-5a0779e elementor-tablet-align-center ob-has-background-overlay elementor-widget elementor-widget-button\" data-id=\"5a0779e\" data-element_type=\"widget\" data-e-type=\"widget\" data-settings=\"{&quot;_ob_butterbutton_use_it&quot;:&quot;no&quot;,&quot;_ob_perspektive_use&quot;:&quot;no&quot;,&quot;_ob_poopart_use&quot;:&quot;yes&quot;,&quot;_ob_shadough_use&quot;:&quot;no&quot;,&quot;_ob_allow_hoveranimator&quot;:&quot;no&quot;,&quot;_ob_widget_stalker_use&quot;:&quot;no&quot;}\" data-widget_type=\"button.default\">\n\t\t\t\t<div class=\"elementor-widget-container\">\n\t\t\t\t\t\t\t\t\t<div class=\"elementor-button-wrapper\">\n\t\t\t\t\t<a class=\"elementor-button elementor-button-link elementor-size-sm elementor-animation-hang\" href=\"https:\/\/campus.recit.qc.ca\/\" target=\"_blank\">\n\t\t\t\t\t\t<span class=\"elementor-button-content-wrapper\">\n\t\t\t\t\t\t<span class=\"elementor-button-icon\">\n\t\t\t\t<i aria-hidden=\"true\" class=\"fas fa-chevron-right\"><\/i>\t\t\t<\/span>\n\t\t\t\t\t\t\t\t\t<span class=\"elementor-button-text\">Access<\/span>\n\t\t\t\t\t<\/span>\n\t\t\t\t\t<\/a>\n\t\t\t\t<\/div>\n\t\t\t\t\t\t\t\t<\/div>\n\t\t\t\t<\/div>\n\t\t\t\t\t<\/div>\n\t\t<\/div>\n\t\t\t\t\t<\/div>\n\t\t<\/section>\n\t\t\t\t<section class=\"ob-is-breaking-bad elementor-section elementor-top-section elementor-element elementor-element-4625ec7 elementor-section-content-top elementor-section-boxed elementor-section-height-default elementor-section-height-default\" data-id=\"4625ec7\" data-element_type=\"section\" data-e-type=\"section\" data-settings=\"{&quot;_ob_bbad_use_it&quot;:&quot;yes&quot;,&quot;_ob_bbad_sssic_use&quot;:&quot;no&quot;,&quot;_ob_glider_is_slider&quot;:&quot;no&quot;}\">\n\t\t\t\t\t\t<div class=\"elementor-container elementor-column-gap-default\">\n\t\t\t\t\t<div class=\"elementor-column elementor-col-100 elementor-top-column elementor-element elementor-element-c19e589\" data-id=\"c19e589\" data-element_type=\"column\" data-e-type=\"column\" data-settings=\"{&quot;_ob_bbad_is_stalker&quot;:&quot;no&quot;,&quot;_ob_teleporter_use&quot;:false,&quot;_ob_column_hoveranimator&quot;:&quot;no&quot;,&quot;_ob_column_has_pseudo&quot;:&quot;no&quot;}\">\n\t\t\t<div class=\"elementor-widget-wrap elementor-element-populated\">\n\t\t\t\t\t\t<div class=\"elementor-element elementor-element-b0260c6 elementor-widget__width-initial elementor-widget-tablet__width-initial elementor-widget-mobile__width-initial elementor-cta--skin-classic elementor-animated-content elementor-bg-transform elementor-bg-transform-zoom-in ob-has-background-overlay elementor-widget elementor-widget-call-to-action\" data-id=\"b0260c6\" data-element_type=\"widget\" data-e-type=\"widget\" data-settings=\"{&quot;_ob_perspektive_use&quot;:&quot;no&quot;,&quot;_ob_poopart_use&quot;:&quot;yes&quot;,&quot;_ob_shadough_use&quot;:&quot;no&quot;,&quot;_ob_allow_hoveranimator&quot;:&quot;no&quot;,&quot;_ob_widget_stalker_use&quot;:&quot;no&quot;}\" data-widget_type=\"call-to-action.default\">\n\t\t\t\t<div class=\"elementor-widget-container\">\n\t\t\t\t\t\t\t<div class=\"elementor-cta\">\n\t\t\t\t\t<div class=\"elementor-cta__bg-wrapper\">\n\t\t\t\t<div class=\"elementor-cta__bg elementor-bg\" style=\"background-image: url(https:\/\/baladoweb.qc.ca\/wp-content\/uploads\/2022\/03\/diego-ph-fiq0tet6llw-unsplash.jpg);\" role=\"img\" aria-label=\"diego-ph-fIq0tET6llw-unsplash\"><\/div>\n\t\t\t\t<div class=\"elementor-cta__bg-overlay\"><\/div>\n\t\t\t<\/div>\n\t\t\t\t\t\t\t<div class=\"elementor-cta__content\">\n\t\t\t\t\n\t\t\t\t\t\t\t\t\t<h2 class=\"elementor-cta__title elementor-cta__content-item elementor-content-item\">\n\t\t\t\t\t\tDeveloping Your Information Literacy Competencies\t\t\t\t\t<\/h2>\n\t\t\t\t\n\t\t\t\t\n\t\t\t\t\t\t\t\t\t<div class=\"elementor-cta__button-wrapper elementor-cta__content-item elementor-content-item \">\n\t\t\t\t\t<a class=\"elementor-cta__button elementor-button elementor-size-\" href=\"https:\/\/campus.recit.qc.ca\/course\/view.php?id=415\" target=\"_blank\">\n\t\t\t\t\t\tAccess\t\t\t\t\t<\/a>\n\t\t\t\t\t<\/div>\n\t\t\t\t\t\t\t<\/div>\n\t\t\t\t\t\t<\/div>\n\t\t\t\t\t\t<\/div>\n\t\t\t\t<\/div>\n\t\t\t\t<div class=\"elementor-element elementor-element-5b1b772 elementor-widget__width-initial elementor-widget-tablet__width-initial elementor-widget-mobile__width-initial elementor-cta--skin-classic elementor-animated-content elementor-bg-transform elementor-bg-transform-zoom-in ob-has-background-overlay elementor-widget elementor-widget-call-to-action\" data-id=\"5b1b772\" data-element_type=\"widget\" data-e-type=\"widget\" data-settings=\"{&quot;_ob_perspektive_use&quot;:&quot;no&quot;,&quot;_ob_poopart_use&quot;:&quot;yes&quot;,&quot;_ob_shadough_use&quot;:&quot;no&quot;,&quot;_ob_allow_hoveranimator&quot;:&quot;no&quot;,&quot;_ob_widget_stalker_use&quot;:&quot;no&quot;}\" data-widget_type=\"call-to-action.default\">\n\t\t\t\t<div class=\"elementor-widget-container\">\n\t\t\t\t\t\t\t<div class=\"elementor-cta\">\n\t\t\t\t\t<div class=\"elementor-cta__bg-wrapper\">\n\t\t\t\t<div class=\"elementor-cta__bg elementor-bg\" style=\"background-image: url(https:\/\/baladoweb.qc.ca\/wp-content\/uploads\/2022\/12\/aut-produire-diff-balados.jpg);\" role=\"img\" aria-label=\"aut-produire-diff-balados\"><\/div>\n\t\t\t\t<div class=\"elementor-cta__bg-overlay\"><\/div>\n\t\t\t<\/div>\n\t\t\t\t\t\t\t<div class=\"elementor-cta__content\">\n\t\t\t\t\n\t\t\t\t\t\t\t\t\t<h2 class=\"elementor-cta__title elementor-cta__content-item elementor-content-item\">\n\t\t\t\t\t\tProducing and Sharing Podcasts\t\t\t\t\t<\/h2>\n\t\t\t\t\n\t\t\t\t\n\t\t\t\t\t\t\t\t\t<div class=\"elementor-cta__button-wrapper elementor-cta__content-item elementor-content-item \">\n\t\t\t\t\t<a class=\"elementor-cta__button elementor-button elementor-size-\" href=\"https:\/\/campus.recit.qc.ca\/course\/view.php?id=446\" target=\"_blank\">\n\t\t\t\t\t\tAccess\t\t\t\t\t<\/a>\n\t\t\t\t\t<\/div>\n\t\t\t\t\t\t\t<\/div>\n\t\t\t\t\t\t<\/div>\n\t\t\t\t\t\t<\/div>\n\t\t\t\t<\/div>\n\t\t\t\t\t<\/div>\n\t\t<\/div>\n\t\t\t\t\t<\/div>\n\t\t<\/section>\n\t\t\t\t<\/div>\n\t\t","protected":false},"excerpt":{"rendered":"<p>The R\u00c9CIT (R\u00c9seau pour le d\u00e9veloppement des Comp\u00e9tences des \u00e9l\u00e8ves par l\u2019Int\u00e9gration des Technologies) offers an online platform for professional development of educators&#8217; digital competencies. It is a common space where R\u00c9CIT consultants share their expertise for different subjects areas and topics related to digital technology. This free platform is accessible for all members of [&hellip;]<\/p>\n<div class=\"pvc_clear\"><\/div>\n<p id=\"pvc_stats_4291\" class=\"pvc_stats all  \" data-element-id=\"4291\" style=\"\"><i class=\"pvc-stats-icon medium\" aria-hidden=\"true\"><svg aria-hidden=\"true\" focusable=\"false\" data-prefix=\"far\" data-icon=\"chart-bar\" role=\"img\" xmlns=\"http:\/\/www.w3.org\/2000\/svg\" viewBox=\"0 0 512 512\" class=\"svg-inline--fa fa-chart-bar fa-w-16 fa-2x\"><path fill=\"currentColor\" d=\"M396.8 352h22.4c6.4 0 12.8-6.4 12.8-12.8V108.8c0-6.4-6.4-12.8-12.8-12.8h-22.4c-6.4 0-12.8 6.4-12.8 12.8v230.4c0 6.4 6.4 12.8 12.8 12.8zm-192 0h22.4c6.4 0 12.8-6.4 12.8-12.8V140.8c0-6.4-6.4-12.8-12.8-12.8h-22.4c-6.4 0-12.8 6.4-12.8 12.8v198.4c0 6.4 6.4 12.8 12.8 12.8zm96 0h22.4c6.4 0 12.8-6.4 12.8-12.8V204.8c0-6.4-6.4-12.8-12.8-12.8h-22.4c-6.4 0-12.8 6.4-12.8 12.8v134.4c0 6.4 6.4 12.8 12.8 12.8zM496 400H48V80c0-8.84-7.16-16-16-16H16C7.16 64 0 71.16 0 80v336c0 17.67 14.33 32 32 32h464c8.84 0 16-7.16 16-16v-16c0-8.84-7.16-16-16-16zm-387.2-48h22.4c6.4 0 12.8-6.4 12.8-12.8v-70.4c0-6.4-6.4-12.8-12.8-12.8h-22.4c-6.4 0-12.8 6.4-12.8 12.8v70.4c0 6.4 6.4 12.8 12.8 12.8z\" class=\"\"><\/path><\/svg><\/i> <img decoding=\"async\" width=\"16\" height=\"16\" alt=\"Loading\" src=\"https:\/\/baladoweb.qc.ca\/wp-content\/plugins\/page-views-count\/ajax-loader-2x.gif\" border=0 \/><\/p>\n<div class=\"pvc_clear\"><\/div>\n","protected":false},"author":4,"featured_media":0,"parent":4284,"menu_order":24,"comment_status":"closed","ping_status":"closed","template":"elementor_header_footer","meta":{"footnotes":""},"class_list":["post-4291","page","type-page","status-publish","hentry"],"acf":[],"yoast_head":"<!-- This site is optimized with the Yoast SEO plugin v27.3 - https:\/\/yoast.com\/product\/yoast-seo-wordpress\/ -->\n<title>Online Training - BAnQ \u2013 BaladoWeb: A Voice worth Hearing!<\/title>\n<meta name=\"robots\" content=\"index, follow, max-snippet:-1, max-image-preview:large, max-video-preview:-1\" \/>\n<link rel=\"canonical\" href=\"https:\/\/baladoweb.qc.ca\/contenus-pedagonumeriques\/autoformations\/\" \/>\n<meta property=\"og:locale\" content=\"en_US\" \/>\n<meta property=\"og:type\" content=\"article\" \/>\n<meta property=\"og:title\" content=\"Online Training - BAnQ \u2013 BaladoWeb: A Voice worth Hearing!\" \/>\n<meta property=\"og:description\" content=\"The R\u00c9CIT (R\u00c9seau pour le d\u00e9veloppement des Comp\u00e9tences des \u00e9l\u00e8ves par l\u2019Int\u00e9gration des Technologies) offers an online platform for professional development of educators&#8217; digital competencies. It is a common space where R\u00c9CIT consultants share their expertise for different subjects areas and topics related to digital technology. This free platform is accessible for all members of [&hellip;]\" \/>\n<meta property=\"og:url\" content=\"https:\/\/baladoweb.qc.ca\/contenus-pedagonumeriques\/autoformations\/\" \/>\n<meta property=\"og:site_name\" content=\"BAnQ \u2013 BaladoWeb: A Voice worth Hearing!\" \/>\n<meta property=\"article:modified_time\" content=\"2022-12-20T19:16:19+00:00\" \/>\n<meta property=\"og:image\" content=\"https:\/\/baladoweb.qc.ca\/wp-content\/uploads\/2022\/03\/laptop-mockup.png\" \/>\n<meta name=\"twitter:card\" content=\"summary_large_image\" \/>\n<meta name=\"twitter:label1\" content=\"Est. reading time\" \/>\n\t<meta name=\"twitter:data1\" content=\"1 minute\" \/>\n<script type=\"application\/ld+json\" class=\"yoast-schema-graph\">{\"@context\":\"https:\\\/\\\/schema.org\",\"@graph\":[{\"@type\":\"WebPage\",\"@id\":\"https:\\\/\\\/baladoweb.qc.ca\\\/contenus-pedagonumeriques\\\/autoformations\\\/\",\"url\":\"https:\\\/\\\/baladoweb.qc.ca\\\/contenus-pedagonumeriques\\\/autoformations\\\/\",\"name\":\"Online Training - BAnQ \u2013 BaladoWeb: A Voice worth Hearing!\",\"isPartOf\":{\"@id\":\"https:\\\/\\\/baladoweb.qc.ca\\\/#website\"},\"primaryImageOfPage\":{\"@id\":\"https:\\\/\\\/baladoweb.qc.ca\\\/contenus-pedagonumeriques\\\/autoformations\\\/#primaryimage\"},\"image\":{\"@id\":\"https:\\\/\\\/baladoweb.qc.ca\\\/contenus-pedagonumeriques\\\/autoformations\\\/#primaryimage\"},\"thumbnailUrl\":\"https:\\\/\\\/baladoweb.qc.ca\\\/wp-content\\\/uploads\\\/2022\\\/03\\\/laptop-mockup.png\",\"datePublished\":\"2022-03-28T22:28:27+00:00\",\"dateModified\":\"2022-12-20T19:16:19+00:00\",\"breadcrumb\":{\"@id\":\"https:\\\/\\\/baladoweb.qc.ca\\\/contenus-pedagonumeriques\\\/autoformations\\\/#breadcrumb\"},\"inLanguage\":\"en-US\",\"potentialAction\":[{\"@type\":\"ReadAction\",\"target\":[\"https:\\\/\\\/baladoweb.qc.ca\\\/contenus-pedagonumeriques\\\/autoformations\\\/\"]}]},{\"@type\":\"ImageObject\",\"inLanguage\":\"en-US\",\"@id\":\"https:\\\/\\\/baladoweb.qc.ca\\\/contenus-pedagonumeriques\\\/autoformations\\\/#primaryimage\",\"url\":\"https:\\\/\\\/baladoweb.qc.ca\\\/wp-content\\\/uploads\\\/2022\\\/03\\\/laptop-mockup.png\",\"contentUrl\":\"https:\\\/\\\/baladoweb.qc.ca\\\/wp-content\\\/uploads\\\/2022\\\/03\\\/laptop-mockup.png\"},{\"@type\":\"BreadcrumbList\",\"@id\":\"https:\\\/\\\/baladoweb.qc.ca\\\/contenus-pedagonumeriques\\\/autoformations\\\/#breadcrumb\",\"itemListElement\":[{\"@type\":\"ListItem\",\"position\":1,\"name\":\"Pedagogical Content\",\"item\":\"https:\\\/\\\/baladoweb.qc.ca\\\/contenus-pedagonumeriques\\\/\"},{\"@type\":\"ListItem\",\"position\":2,\"name\":\"Online Training\"}]},{\"@type\":\"WebSite\",\"@id\":\"https:\\\/\\\/baladoweb.qc.ca\\\/#website\",\"url\":\"https:\\\/\\\/baladoweb.qc.ca\\\/\",\"name\":\"BAnQ \u2013 BaladoWeb: A Voice worth Hearing!\",\"description\":\"\",\"publisher\":{\"@id\":\"https:\\\/\\\/baladoweb.qc.ca\\\/#organization\"},\"potentialAction\":[{\"@type\":\"SearchAction\",\"target\":{\"@type\":\"EntryPoint\",\"urlTemplate\":\"https:\\\/\\\/baladoweb.qc.ca\\\/?s={search_term_string}\"},\"query-input\":{\"@type\":\"PropertyValueSpecification\",\"valueRequired\":true,\"valueName\":\"search_term_string\"}}],\"inLanguage\":\"en-US\"},{\"@type\":\"Organization\",\"@id\":\"https:\\\/\\\/baladoweb.qc.ca\\\/#organization\",\"name\":\"BaladoWeb\",\"url\":\"https:\\\/\\\/baladoweb.qc.ca\\\/\",\"logo\":{\"@type\":\"ImageObject\",\"inLanguage\":\"en-US\",\"@id\":\"https:\\\/\\\/baladoweb.qc.ca\\\/#\\\/schema\\\/logo\\\/image\\\/\",\"url\":\"https:\\\/\\\/baladoweb.qc.ca\\\/wp-content\\\/uploads\\\/2022\\\/03\\\/logo-couleur.png\",\"contentUrl\":\"https:\\\/\\\/baladoweb.qc.ca\\\/wp-content\\\/uploads\\\/2022\\\/03\\\/logo-couleur.png\",\"width\":4365,\"height\":1728,\"caption\":\"BaladoWeb\"},\"image\":{\"@id\":\"https:\\\/\\\/baladoweb.qc.ca\\\/#\\\/schema\\\/logo\\\/image\\\/\"}}]}<\/script>\n<!-- \/ Yoast SEO plugin. -->","yoast_head_json":{"title":"Online Training - BAnQ \u2013 BaladoWeb: A Voice worth Hearing!","robots":{"index":"index","follow":"follow","max-snippet":"max-snippet:-1","max-image-preview":"max-image-preview:large","max-video-preview":"max-video-preview:-1"},"canonical":"https:\/\/baladoweb.qc.ca\/contenus-pedagonumeriques\/autoformations\/","og_locale":"en_US","og_type":"article","og_title":"Online Training - BAnQ \u2013 BaladoWeb: A Voice worth Hearing!","og_description":"The R\u00c9CIT (R\u00c9seau pour le d\u00e9veloppement des Comp\u00e9tences des \u00e9l\u00e8ves par l\u2019Int\u00e9gration des Technologies) offers an online platform for professional development of educators&#8217; digital competencies. It is a common space where R\u00c9CIT consultants share their expertise for different subjects areas and topics related to digital technology. This free platform is accessible for all members of [&hellip;]","og_url":"https:\/\/baladoweb.qc.ca\/contenus-pedagonumeriques\/autoformations\/","og_site_name":"BAnQ \u2013 BaladoWeb: A Voice worth Hearing!","article_modified_time":"2022-12-20T19:16:19+00:00","og_image":[{"url":"https:\/\/baladoweb.qc.ca\/wp-content\/uploads\/2022\/03\/laptop-mockup.png","type":"","width":"","height":""}],"twitter_card":"summary_large_image","twitter_misc":{"Est. reading time":"1 minute"},"schema":{"@context":"https:\/\/schema.org","@graph":[{"@type":"WebPage","@id":"https:\/\/baladoweb.qc.ca\/contenus-pedagonumeriques\/autoformations\/","url":"https:\/\/baladoweb.qc.ca\/contenus-pedagonumeriques\/autoformations\/","name":"Online Training - BAnQ \u2013 BaladoWeb: A Voice worth Hearing!","isPartOf":{"@id":"https:\/\/baladoweb.qc.ca\/#website"},"primaryImageOfPage":{"@id":"https:\/\/baladoweb.qc.ca\/contenus-pedagonumeriques\/autoformations\/#primaryimage"},"image":{"@id":"https:\/\/baladoweb.qc.ca\/contenus-pedagonumeriques\/autoformations\/#primaryimage"},"thumbnailUrl":"https:\/\/baladoweb.qc.ca\/wp-content\/uploads\/2022\/03\/laptop-mockup.png","datePublished":"2022-03-28T22:28:27+00:00","dateModified":"2022-12-20T19:16:19+00:00","breadcrumb":{"@id":"https:\/\/baladoweb.qc.ca\/contenus-pedagonumeriques\/autoformations\/#breadcrumb"},"inLanguage":"en-US","potentialAction":[{"@type":"ReadAction","target":["https:\/\/baladoweb.qc.ca\/contenus-pedagonumeriques\/autoformations\/"]}]},{"@type":"ImageObject","inLanguage":"en-US","@id":"https:\/\/baladoweb.qc.ca\/contenus-pedagonumeriques\/autoformations\/#primaryimage","url":"https:\/\/baladoweb.qc.ca\/wp-content\/uploads\/2022\/03\/laptop-mockup.png","contentUrl":"https:\/\/baladoweb.qc.ca\/wp-content\/uploads\/2022\/03\/laptop-mockup.png"},{"@type":"BreadcrumbList","@id":"https:\/\/baladoweb.qc.ca\/contenus-pedagonumeriques\/autoformations\/#breadcrumb","itemListElement":[{"@type":"ListItem","position":1,"name":"Pedagogical Content","item":"https:\/\/baladoweb.qc.ca\/contenus-pedagonumeriques\/"},{"@type":"ListItem","position":2,"name":"Online Training"}]},{"@type":"WebSite","@id":"https:\/\/baladoweb.qc.ca\/#website","url":"https:\/\/baladoweb.qc.ca\/","name":"BAnQ \u2013 BaladoWeb: A Voice worth Hearing!","description":"","publisher":{"@id":"https:\/\/baladoweb.qc.ca\/#organization"},"potentialAction":[{"@type":"SearchAction","target":{"@type":"EntryPoint","urlTemplate":"https:\/\/baladoweb.qc.ca\/?s={search_term_string}"},"query-input":{"@type":"PropertyValueSpecification","valueRequired":true,"valueName":"search_term_string"}}],"inLanguage":"en-US"},{"@type":"Organization","@id":"https:\/\/baladoweb.qc.ca\/#organization","name":"BaladoWeb","url":"https:\/\/baladoweb.qc.ca\/","logo":{"@type":"ImageObject","inLanguage":"en-US","@id":"https:\/\/baladoweb.qc.ca\/#\/schema\/logo\/image\/","url":"https:\/\/baladoweb.qc.ca\/wp-content\/uploads\/2022\/03\/logo-couleur.png","contentUrl":"https:\/\/baladoweb.qc.ca\/wp-content\/uploads\/2022\/03\/logo-couleur.png","width":4365,"height":1728,"caption":"BaladoWeb"},"image":{"@id":"https:\/\/baladoweb.qc.ca\/#\/schema\/logo\/image\/"}}]}},"_links":{"self":[{"href":"https:\/\/baladoweb.qc.ca\/en\/wp-json\/wp\/v2\/pages\/4291","targetHints":{"allow":["GET"]}}],"collection":[{"href":"https:\/\/baladoweb.qc.ca\/en\/wp-json\/wp\/v2\/pages"}],"about":[{"href":"https:\/\/baladoweb.qc.ca\/en\/wp-json\/wp\/v2\/types\/page"}],"author":[{"embeddable":true,"href":"https:\/\/baladoweb.qc.ca\/en\/wp-json\/wp\/v2\/users\/4"}],"replies":[{"embeddable":true,"href":"https:\/\/baladoweb.qc.ca\/en\/wp-json\/wp\/v2\/comments?post=4291"}],"version-history":[{"count":11,"href":"https:\/\/baladoweb.qc.ca\/en\/wp-json\/wp\/v2\/pages\/4291\/revisions"}],"predecessor-version":[{"id":5783,"href":"https:\/\/baladoweb.qc.ca\/en\/wp-json\/wp\/v2\/pages\/4291\/revisions\/5783"}],"up":[{"embeddable":true,"href":"https:\/\/baladoweb.qc.ca\/en\/wp-json\/wp\/v2\/pages\/4284"}],"wp:attachment":[{"href":"https:\/\/baladoweb.qc.ca\/en\/wp-json\/wp\/v2\/media?parent=4291"}],"curies":[{"name":"wp","href":"https:\/\/api.w.org\/{rel}","templated":true}]}}